{"id":2877,"date":"2026-04-11T19:55:50","date_gmt":"2026-04-11T19:55:50","guid":{"rendered":"https:\/\/formaksenergy.com\/?page_id=2877"},"modified":"2026-04-17T08:32:55","modified_gmt":"2026-04-17T08:32:55","slug":"blog","status":"publish","type":"page","link":"https:\/\/formaksenergy.com\/en\/blog\/","title":{"rendered":"Blog"},"content":{"rendered":"<div data-elementor-type=\"wp-page\" data-elementor-id=\"2877\" class=\"elementor elementor-2877\">\n\t\t\t\t<div class=\"elementor-element elementor-element-ec32a22 e-flex e-con-boxed e-con e-parent\" data-id=\"ec32a22\" data-element_type=\"container\" data-e-type=\"container\" data-settings=\"{&quot;background_background&quot;:&quot;classic&quot;}\">\n\t\t\t\t\t<div class=\"e-con-inner\">\n\t\t\t\t\t<\/div>\n\t\t\t\t<\/div>\n\t\t<div class=\"elementor-element elementor-element-849586b e-flex e-con-boxed e-con e-parent\" data-id=\"849586b\" data-element_type=\"container\" data-e-type=\"container\">\n\t\t\t\t\t<div class=\"e-con-inner\">\n\t\t\t\t<div class=\"elementor-element elementor-element-62a59d4 elementor-grid-eael-col-3 elementor-grid-tablet-eael-col-2 elementor-grid-mobile-eael-col-1 elementor-widget elementor-widget-eael-post-grid\" data-id=\"62a59d4\" data-element_type=\"widget\" data-e-type=\"widget\" data-settings=\"{&quot;eael_post_grid_columns&quot;:&quot;eael-col-3&quot;,&quot;eael_post_grid_columns_tablet&quot;:&quot;eael-col-2&quot;,&quot;eael_post_grid_columns_mobile&quot;:&quot;eael-col-1&quot;}\" data-widget_type=\"eael-post-grid.default\">\n\t\t\t\t<div class=\"elementor-widget-container\">\n\t\t\t\t\t<div id=\"eael-post-grid-62a59d4\" class=\"eael-post-grid-container\">\n            <div class=\"eael-post-grid eael-post-appender eael-post-appender-62a59d4 eael-post-grid-style-one\" data-layout-mode=\"grid\"><article class=\"eael-grid-post  eael-post-grid-column eael-pg-post-3370 category-blog\" data-id=\"3370\">\n        <div class=\"eael-grid-post-holder\">\n            <div class=\"eael-grid-post-holder-inner\"><div class=\"eael-entry-media\"><div class=\"eael-entry-overlay fade-in\"><i class=\"fas fa-long-arrow-alt-right\" aria-hidden=\"true\"><\/i><a href=\"https:\/\/formaksenergy.com\/en\/dijital-mimarlikta-parametrik-donusum-autocadden-revite-gecisin-gerekliligi\/\"><\/a><\/div><div class=\"eael-entry-thumbnail eael-image-ratio\">\n                <img fetchpriority=\"high\" decoding=\"async\" width=\"1408\" height=\"768\" src=\"https:\/\/formaksenergy.com\/wp-content\/uploads\/2026\/04\/autocadden-revite.jpeg\" class=\"attachment-full size-full wp-image-3371\" alt=\"autocadden revite\" title=\"Storing the Power from the Sun: Key Benefits of Solar PV Systems (SPV) and Energy Storage Systems (ESS)\" srcset=\"https:\/\/formaksenergy.com\/wp-content\/uploads\/2026\/04\/autocadden-revite.jpeg 1408w, https:\/\/formaksenergy.com\/wp-content\/uploads\/2026\/04\/autocadden-revite-300x164.jpeg 300w, https:\/\/formaksenergy.com\/wp-content\/uploads\/2026\/04\/autocadden-revite-1024x559.jpeg 1024w, https:\/\/formaksenergy.com\/wp-content\/uploads\/2026\/04\/autocadden-revite-768x419.jpeg 768w\" sizes=\"(max-width: 1408px) 100vw, 1408px\" \/>\n            <\/div>\n        <\/div><div class=\"eael-entry-wrapper\"><header class=\"eael-entry-header\"><span class=\"eael-entry-title\"><a class=\"eael-grid-post-link\" href=\"https:\/\/formaksenergy.com\/en\/dijital-mimarlikta-parametrik-donusum-autocadden-revite-gecisin-gerekliligi\/\" title=\"Dijital Mimarl\u0131kta Parametrik D\u00f6n\u00fc\u015f\u00fcm: AutoCAD\u2019den Revit\u2019e Ge\u00e7i\u015fin Gereklili\u011fi\">Dijital Mimarl\u0131kta Parametrik D\u00f6n\u00fc\u015f\u00fcm: AutoCAD\u2019den Revit\u2019e Ge\u00e7i\u015fin Gereklili\u011fi<\/a><\/span><\/header><div class=\"eael-entry-content\">\n                        <div class=\"eael-grid-post-excerpt\"><a href=\"https:\/\/formaksenergy.com\/en\/dijital-mimarlikta-parametrik-donusum-autocadden-revite-gecisin-gerekliligi\/\" class=\"eael-post-elements-readmore-btn\">Read More...<\/a><\/div>\n                    <\/div><\/div><\/div>\n        <\/div>\n    <\/article><article class=\"eael-grid-post  eael-post-grid-column eael-pg-post-3364 category-blog\" data-id=\"3364\">\n        <div class=\"eael-grid-post-holder\">\n            <div class=\"eael-grid-post-holder-inner\"><div class=\"eael-entry-media\"><div class=\"eael-entry-overlay fade-in\"><i class=\"fas fa-long-arrow-alt-right\" aria-hidden=\"true\"><\/i><a href=\"https:\/\/formaksenergy.com\/en\/enerji-donusumunde-stratejik-bir-varlik-cati-tipi-ges\/\"><\/a><\/div><div class=\"eael-entry-thumbnail eael-image-ratio\">\n                <img decoding=\"async\" width=\"1376\" height=\"768\" src=\"https:\/\/formaksenergy.com\/wp-content\/uploads\/2026\/04\/enerji-donusum-strateji.jpeg\" class=\"attachment-full size-full wp-image-3365\" alt=\"enerji d\u00f6n\u00fc\u015f\u00fcm strateji\" title=\"Storing the Power from the Sun: Key Benefits of Solar PV Systems (SPV) and Energy Storage Systems (ESS)\" srcset=\"https:\/\/formaksenergy.com\/wp-content\/uploads\/2026\/04\/enerji-donusum-strateji.jpeg 1376w, https:\/\/formaksenergy.com\/wp-content\/uploads\/2026\/04\/enerji-donusum-strateji-300x167.jpeg 300w, https:\/\/formaksenergy.com\/wp-content\/uploads\/2026\/04\/enerji-donusum-strateji-1024x572.jpeg 1024w, https:\/\/formaksenergy.com\/wp-content\/uploads\/2026\/04\/enerji-donusum-strateji-768x429.jpeg 768w\" sizes=\"(max-width: 1376px) 100vw, 1376px\" \/>\n            <\/div>\n        <\/div><div class=\"eael-entry-wrapper\"><header class=\"eael-entry-header\"><span class=\"eael-entry-title\"><a class=\"eael-grid-post-link\" href=\"https:\/\/formaksenergy.com\/en\/enerji-donusumunde-stratejik-bir-varlik-cati-tipi-ges\/\" title=\"A Strategic Asset in Energy Transformation: Rooftop Solar PV Systems\">A Strategic Asset in Energy Transformation: Rooftop Solar PV Systems<\/a><\/span><\/header><div class=\"eael-entry-content\">\n                        <div class=\"eael-grid-post-excerpt\"><a href=\"https:\/\/formaksenergy.com\/en\/enerji-donusumunde-stratejik-bir-varlik-cati-tipi-ges\/\" class=\"eael-post-elements-readmore-btn\">Read More...<\/a><\/div>\n                    <\/div><\/div><\/div>\n        <\/div>\n    <\/article><article class=\"eael-grid-post  eael-post-grid-column eael-pg-post-3358 category-blog\" data-id=\"3358\">\n        <div class=\"eael-grid-post-holder\">\n            <div class=\"eael-grid-post-holder-inner\"><div class=\"eael-entry-media\"><div class=\"eael-entry-overlay fade-in\"><i class=\"fas fa-long-arrow-alt-right\" aria-hidden=\"true\"><\/i><a href=\"https:\/\/formaksenergy.com\/en\/kuresel-enerji-donusumu-neden-simdi-neden-her-zamankinden-daha-onemli\/\"><\/a><\/div><div class=\"eael-entry-thumbnail eael-image-ratio\">\n                <img decoding=\"async\" width=\"1408\" height=\"768\" src=\"https:\/\/formaksenergy.com\/wp-content\/uploads\/2026\/04\/kuresel-enerji-yenileme.jpeg\" class=\"attachment-full size-full wp-image-3359\" alt=\"k\u00fcresel enerji yenileme\" title=\"Storing the Power from the Sun: Key Benefits of Solar PV Systems (SPV) and Energy Storage Systems (ESS)\" srcset=\"https:\/\/formaksenergy.com\/wp-content\/uploads\/2026\/04\/kuresel-enerji-yenileme.jpeg 1408w, https:\/\/formaksenergy.com\/wp-content\/uploads\/2026\/04\/kuresel-enerji-yenileme-300x164.jpeg 300w, https:\/\/formaksenergy.com\/wp-content\/uploads\/2026\/04\/kuresel-enerji-yenileme-1024x559.jpeg 1024w, https:\/\/formaksenergy.com\/wp-content\/uploads\/2026\/04\/kuresel-enerji-yenileme-768x419.jpeg 768w\" sizes=\"(max-width: 1408px) 100vw, 1408px\" \/>\n            <\/div>\n        <\/div><div class=\"eael-entry-wrapper\"><header class=\"eael-entry-header\"><span class=\"eael-entry-title\"><a class=\"eael-grid-post-link\" href=\"https:\/\/formaksenergy.com\/en\/kuresel-enerji-donusumu-neden-simdi-neden-her-zamankinden-daha-onemli\/\" title=\"Global Energy Transition: Why Now, and Why More Important Than Ever?\">Global Energy Transition: Why Now, and Why More Important Than Ever?<\/a><\/span><\/header><div class=\"eael-entry-content\">\n                        <div class=\"eael-grid-post-excerpt\"><a href=\"https:\/\/formaksenergy.com\/en\/kuresel-enerji-donusumu-neden-simdi-neden-her-zamankinden-daha-onemli\/\" class=\"eael-post-elements-readmore-btn\">Read More...<\/a><\/div>\n                    <\/div><\/div><\/div>\n        <\/div>\n    <\/article><article class=\"eael-grid-post  eael-post-grid-column eael-pg-post-3350 category-blog\" data-id=\"3350\">\n        <div class=\"eael-grid-post-holder\">\n            <div class=\"eael-grid-post-holder-inner\"><div class=\"eael-entry-media\"><div class=\"eael-entry-overlay fade-in\"><i class=\"fas fa-long-arrow-alt-right\" aria-hidden=\"true\"><\/i><a href=\"https:\/\/formaksenergy.com\/en\/gunesten-gelen-gucu-saklamak-ges-ve-enerji-depolama-sistemlerinin-eds-temel-faydalari\/\"><\/a><\/div><div class=\"eael-entry-thumbnail eael-image-ratio\">\n                <img loading=\"lazy\" decoding=\"async\" width=\"1376\" height=\"768\" src=\"https:\/\/formaksenergy.com\/wp-content\/uploads\/2026\/04\/Yenilenen-Enerji-Entegrasyonu.jpeg\" class=\"attachment-full size-full wp-image-3352\" alt=\"yenilenen enerji entegrasyonu\" title=\"Storing the Power from the Sun: Key Benefits of Solar PV Systems (SPV) and Energy Storage Systems (ESS)\" srcset=\"https:\/\/formaksenergy.com\/wp-content\/uploads\/2026\/04\/Yenilenen-Enerji-Entegrasyonu.jpeg 1376w, https:\/\/formaksenergy.com\/wp-content\/uploads\/2026\/04\/Yenilenen-Enerji-Entegrasyonu-300x167.jpeg 300w, https:\/\/formaksenergy.com\/wp-content\/uploads\/2026\/04\/Yenilenen-Enerji-Entegrasyonu-1024x572.jpeg 1024w, https:\/\/formaksenergy.com\/wp-content\/uploads\/2026\/04\/Yenilenen-Enerji-Entegrasyonu-768x429.jpeg 768w\" sizes=\"(max-width: 1376px) 100vw, 1376px\" \/>\n            <\/div>\n        <\/div><div class=\"eael-entry-wrapper\"><header class=\"eael-entry-header\"><span class=\"eael-entry-title\"><a class=\"eael-grid-post-link\" href=\"https:\/\/formaksenergy.com\/en\/gunesten-gelen-gucu-saklamak-ges-ve-enerji-depolama-sistemlerinin-eds-temel-faydalari\/\" title=\"Storing the Power from the Sun: Key Benefits of Solar PV Systems (SPV) and Energy Storage Systems (ESS)\">Storing the Power from the Sun: Key Benefits of Solar PV Systems (SPV) and Energy Storage Systems (ESS)<\/a><\/span><\/header><div class=\"eael-entry-content\">\n                        <div class=\"eael-grid-post-excerpt\"><a href=\"https:\/\/formaksenergy.com\/en\/gunesten-gelen-gucu-saklamak-ges-ve-enerji-depolama-sistemlerinin-eds-temel-faydalari\/\" class=\"eael-post-elements-readmore-btn\">Read More...<\/a><\/div>\n                    <\/div><\/div><\/div>\n        <\/div>\n    <\/article><\/div>\n            <div class=\"clearfix\"><\/div>\n        <\/div>            <div class=\"eael-load-more-button-wrap eael-infinity-scroll\" data-offset=\"-1000\">\n                <button class=\"eael-load-more-button\" id=\"eael-load-more-btn-62a59d4\" data-widget-id=\"62a59d4\" data-widget=\"62a59d4\" data-page-id=\"2877\" data-template=\"{&quot;dir&quot;:&quot;lite&quot;,&quot;file_name&quot;:&quot;one.php&quot;,&quot;name&quot;:&quot;Post-Grid&quot;}\" data-class=\"Essential_Addons_Elementor\\Elements\\Post_Grid\" data-layout=\"grid\" data-page=\"1\" data-args=\"orderby=date&amp;order=desc&amp;ignore_sticky_posts=1&amp;post_status=publish&amp;posts_per_page=4&amp;offset=0&amp;post_type=post\" data-max-page=\"3\">\n                    <span class=\"eael-btn-loader button__loader\"><\/span>\n                    <span class=\"eael_load_more_text\">Review<\/span>\n                <\/button>\n            <\/div>\n            \t\t\t\t<\/div>\n\t\t\t\t<\/div>\n\t\t\t\t\t<\/div>\n\t\t\t\t<\/div>\n\t\t\t\t<\/div>","protected":false},"excerpt":{"rendered":"<p>Revit D\u00f6nemi Nedir? Devam\u0131n\u0131 Oku&#8230; Yeni Binalarda Elektrikli Ara\u00e7 \u015earj Zorunlulu\u011fu: Y\u00f6netmeli\u011fe Haz\u0131r m\u0131s\u0131n\u0131z? Devam\u0131n\u0131 Oku&#8230; Carport Nedir? Devam\u0131n\u0131 Oku&#8230; Yeni Binalarda GES Zorunlulu\u011fu: NSEB Standartlar\u0131na Haz\u0131r m\u0131s\u0131n\u0131z? Devam\u0131n\u0131 Oku&#8230; \u0130ncele<\/p>","protected":false},"author":1,"featured_media":0,"parent":0,"menu_order":0,"comment_status":"closed","ping_status":"closed","template":"","meta":{"_eb_attr":"","_surecart_dashboard_logo_width":"180px","_surecart_dashboard_show_logo":true,"_surecart_dashboard_navigation_orders":true,"_surecart_dashboard_navigation_invoices":true,"_surecart_dashboard_navigation_subscriptions":true,"_surecart_dashboard_navigation_downloads":true,"_surecart_dashboard_navigation_billing":true,"_surecart_dashboard_navigation_account":true,"site-sidebar-layout":"no-sidebar","site-content-layout":"page-builder","ast-site-content-layout":"full-width-container","site-content-style":"unboxed","site-sidebar-style":"unboxed","ast-global-header-display":"","ast-banner-title-visibility":"","ast-main-header-display":"","ast-hfb-above-header-display":"","ast-hfb-below-header-display":"","ast-hfb-mobile-header-display":"","site-post-title":"disabled","ast-breadcrumbs-content":"","ast-featured-img":"disabled","footer-sml-layout":"","ast-disable-related-posts":"","theme-transparent-header-meta":"enabled","adv-header-id-meta":"","stick-header-meta":"","header-above-stick-meta":"","header-main-stick-meta":"","header-below-stick-meta":"","astra-migrate-meta-layouts":"set","ast-page-background-enabled":"default","ast-page-background-meta":{"desktop":{"background-color":"","background-image":"","background-repeat":"repeat","background-position":"center center","background-size":"auto","background-attachment":"scroll","background-type":"","background-media":"","overlay-type":"","overlay-color":"","overlay-opacity":"","overlay-gradient":""},"tablet":{"background-color":"","background-image":"","background-repeat":"repeat","background-position":"center center","background-size":"auto","background-attachment":"scroll","background-type":"","background-media":"","overlay-type":"","overlay-color":"","overlay-opacity":"","overlay-gradient":""},"mobile":{"background-color":"","background-image":"","background-repeat":"repeat","background-position":"center center","background-size":"auto","background-attachment":"scroll","background-type":"","background-media":"","overlay-type":"","overlay-color":"","overlay-opacity":"","overlay-gradient":""}},"ast-content-background-meta":{"desktop":{"background-color":"var(--ast-global-color-5)","background-image":"","background-repeat":"repeat","background-position":"center center","background-size":"auto","background-attachment":"scroll","background-type":"","background-media":"","overlay-type":"","overlay-color":"","overlay-opacity":"","overlay-gradient":""},"tablet":{"background-color":"var(--ast-global-color-5)","background-image":"","background-repeat":"repeat","background-position":"center center","background-size":"auto","background-attachment":"scroll","background-type":"","background-media":"","overlay-type":"","overlay-color":"","overlay-opacity":"","overlay-gradient":""},"mobile":{"background-color":"var(--ast-global-color-5)","background-image":"","background-repeat":"repeat","background-position":"center center","background-size":"auto","background-attachment":"scroll","background-type":"","background-media":"","overlay-type":"","overlay-color":"","overlay-opacity":"","overlay-gradient":""}},"footnotes":""},"class_list":["post-2877","page","type-page","status-publish","hentry"],"_hostinger_reach_plugin_has_subscription_block":false,"_hostinger_reach_plugin_is_elementor":false,"_links":{"self":[{"href":"https:\/\/formaksenergy.com\/en\/wp-json\/wp\/v2\/pages\/2877","targetHints":{"allow":["GET"]}}],"collection":[{"href":"https:\/\/formaksenergy.com\/en\/wp-json\/wp\/v2\/pages"}],"about":[{"href":"https:\/\/formaksenergy.com\/en\/wp-json\/wp\/v2\/types\/page"}],"author":[{"embeddable":true,"href":"https:\/\/formaksenergy.com\/en\/wp-json\/wp\/v2\/users\/1"}],"replies":[{"embeddable":true,"href":"https:\/\/formaksenergy.com\/en\/wp-json\/wp\/v2\/comments?post=2877"}],"version-history":[{"count":204,"href":"https:\/\/formaksenergy.com\/en\/wp-json\/wp\/v2\/pages\/2877\/revisions"}],"predecessor-version":[{"id":3323,"href":"https:\/\/formaksenergy.com\/en\/wp-json\/wp\/v2\/pages\/2877\/revisions\/3323"}],"wp:attachment":[{"href":"https:\/\/formaksenergy.com\/en\/wp-json\/wp\/v2\/media?parent=2877"}],"curies":[{"name":"wp","href":"https:\/\/api.w.org\/{rel}","templated":true}]}}