{"id":32,"date":"2026-03-23T19:23:09","date_gmt":"2026-03-23T19:23:09","guid":{"rendered":"https:\/\/formaksenergy.com\/services\/"},"modified":"2026-04-16T22:59:00","modified_gmt":"2026-04-16T22:59:00","slug":"services","status":"publish","type":"page","link":"https:\/\/formaksenergy.com\/en\/services\/","title":{"rendered":"Our Services"},"content":{"rendered":"<div data-elementor-type=\"wp-page\" data-elementor-id=\"32\" class=\"elementor elementor-32\">\n\t\t\t\t<div class=\"elementor-element elementor-element-632a7fa e-flex e-con-boxed e-con e-parent\" data-id=\"632a7fa\" data-element_type=\"container\" data-e-type=\"container\" data-settings=\"{&quot;background_background&quot;:&quot;classic&quot;}\">\n\t\t\t\t\t<div class=\"e-con-inner\">\n\t\t<div class=\"elementor-element elementor-element-868c7c6 e-con-full e-flex e-con e-child\" data-id=\"868c7c6\" data-element_type=\"container\" data-e-type=\"container\">\n\t\t\t\t<\/div>\n\t\t\t\t\t<\/div>\n\t\t\t\t<\/div>\n\t\t<div class=\"elementor-element elementor-element-27d9087 e-flex e-con-boxed e-con e-parent\" data-id=\"27d9087\" data-element_type=\"container\" data-e-type=\"container\" data-settings=\"{&quot;background_background&quot;:&quot;classic&quot;}\">\n\t\t\t\t\t<div class=\"e-con-inner\">\n\t\t<div class=\"elementor-element elementor-element-1bb4ead e-con-full e-flex e-con e-child\" data-id=\"1bb4ead\" data-element_type=\"container\" data-e-type=\"container\">\n\t\t\t\t<div class=\"elementor-element elementor-element-e1406ee elementor-widget elementor-widget-hfe-infocard\" data-id=\"e1406ee\" data-element_type=\"widget\" data-e-type=\"widget\" data-widget_type=\"hfe-infocard.default\">\n\t\t\t\t<div class=\"elementor-widget-container\">\n\t\t\t\t\t\n\t\t<div class=\"hfe-infocard\">\n\t\t\t\t\t\t\t\t\t<div class=\"hfe-infocard-title-wrap\">\n\t\t\t\t<p class=\"hfe-infocard-title elementor-inline-editing\" data-elementor-setting-key=\"infocard_title\" data-elementor-inline-editing-toolbar=\"basic\" >Rooftop On-Grid Solar System<\/p>\t\t\t<\/div>\n\t\t\t\t\t\t<div class=\"hfe-infocard-text-wrap\">\n\t\t\t\t<div class=\"hfe-infocard-text elementor-inline-editing\" data-elementor-setting-key=\"infocard_description\" data-elementor-inline-editing-toolbar=\"advanced\">\n\t\t\t\t\tWe transform your rooftop areas from passive structural elements into high-efficiency power plants for your business or residence. With our grid-connected (on-grid) systems, you can instantly use the electricity you generate during the day and benefit from net metering by selling excess energy back to the grid. Our engineering team manages the entire process on a turnkey basis\u2014from structural analysis and panel layout to inverter selection and commissioning.\t\t\t\t<\/div>\n\t\t\t\t\t\t\t<\/div>\n\t\t<\/div>\n\n\t\t\t\t\t\t<\/div>\n\t\t\t\t<\/div>\n\t\t\t\t<\/div>\n\t\t<div class=\"elementor-element elementor-element-11f63ad e-con-full e-flex e-con e-child\" data-id=\"11f63ad\" data-element_type=\"container\" data-e-type=\"container\">\n\t\t\t\t<div class=\"elementor-element elementor-element-f6ecc00 elementor-widget elementor-widget-image\" data-id=\"f6ecc00\" data-element_type=\"widget\" data-e-type=\"widget\" data-widget_type=\"image.default\">\n\t\t\t\t<div class=\"elementor-widget-container\">\n\t\t\t\t\t\t\t\t\t\t\t\t\t\t\t<img fetchpriority=\"high\" decoding=\"async\" width=\"1024\" height=\"559\" src=\"https:\/\/formaksenergy.com\/wp-content\/uploads\/2026\/03\/WhatsApp-Image-2026-03-28-at-23.31.19-2-1024x559.jpeg\" class=\"attachment-large size-large wp-image-2182\" alt=\"\u00c7at\u0131 Tipi On-Grid Solar Sistem\" srcset=\"https:\/\/formaksenergy.com\/wp-content\/uploads\/2026\/03\/WhatsApp-Image-2026-03-28-at-23.31.19-2-1024x559.jpeg 1024w, https:\/\/formaksenergy.com\/wp-content\/uploads\/2026\/03\/WhatsApp-Image-2026-03-28-at-23.31.19-2-300x164.jpeg 300w, https:\/\/formaksenergy.com\/wp-content\/uploads\/2026\/03\/WhatsApp-Image-2026-03-28-at-23.31.19-2-768x419.jpeg 768w, https:\/\/formaksenergy.com\/wp-content\/uploads\/2026\/03\/WhatsApp-Image-2026-03-28-at-23.31.19-2.jpeg 1408w\" sizes=\"(max-width: 1024px) 100vw, 1024px\" title=\"Our Services\">\t\t\t\t\t\t\t\t\t\t\t\t\t\t\t<\/div>\n\t\t\t\t<\/div>\n\t\t\t\t<\/div>\n\t\t\t\t\t<\/div>\n\t\t\t\t<\/div>\n\t\t<div class=\"elementor-element elementor-element-7e9b5b2 e-flex e-con-boxed e-con e-parent\" data-id=\"7e9b5b2\" data-element_type=\"container\" data-e-type=\"container\" data-settings=\"{&quot;background_background&quot;:&quot;classic&quot;}\">\n\t\t\t\t\t<div class=\"e-con-inner\">\n\t\t<div class=\"elementor-element elementor-element-c6a54c4 e-con-full e-flex e-con e-child\" data-id=\"c6a54c4\" data-element_type=\"container\" data-e-type=\"container\">\n\t\t\t\t<div class=\"elementor-element elementor-element-c880b4e elementor-widget elementor-widget-image\" data-id=\"c880b4e\" data-element_type=\"widget\" data-e-type=\"widget\" data-widget_type=\"image.default\">\n\t\t\t\t<div class=\"elementor-widget-container\">\n\t\t\t\t\t\t\t\t\t\t\t\t\t\t\t<img decoding=\"async\" width=\"1024\" height=\"559\" src=\"https:\/\/formaksenergy.com\/wp-content\/uploads\/2026\/03\/WhatsApp-Image-2026-03-28-at-23.47.03-1024x559.jpeg\" class=\"attachment-large size-large wp-image-2193\" alt=\"Arazi Tipi On-Grid &amp; Off-Grid Solar Sistem\" srcset=\"https:\/\/formaksenergy.com\/wp-content\/uploads\/2026\/03\/WhatsApp-Image-2026-03-28-at-23.47.03-1024x559.jpeg 1024w, https:\/\/formaksenergy.com\/wp-content\/uploads\/2026\/03\/WhatsApp-Image-2026-03-28-at-23.47.03-300x164.jpeg 300w, https:\/\/formaksenergy.com\/wp-content\/uploads\/2026\/03\/WhatsApp-Image-2026-03-28-at-23.47.03-768x419.jpeg 768w, https:\/\/formaksenergy.com\/wp-content\/uploads\/2026\/03\/WhatsApp-Image-2026-03-28-at-23.47.03.jpeg 1408w\" sizes=\"(max-width: 1024px) 100vw, 1024px\" title=\"Our Services\">\t\t\t\t\t\t\t\t\t\t\t\t\t\t\t<\/div>\n\t\t\t\t<\/div>\n\t\t\t\t<\/div>\n\t\t<div class=\"elementor-element elementor-element-0a70900 e-con-full e-flex e-con e-child\" data-id=\"0a70900\" data-element_type=\"container\" data-e-type=\"container\">\n\t\t\t\t<div class=\"elementor-element elementor-element-f711776 elementor-widget elementor-widget-hfe-infocard\" data-id=\"f711776\" data-element_type=\"widget\" data-e-type=\"widget\" data-widget_type=\"hfe-infocard.default\">\n\t\t\t\t<div class=\"elementor-widget-container\">\n\t\t\t\t\t\n\t\t<div class=\"hfe-infocard\">\n\t\t\t\t\t\t\t\t\t<div class=\"hfe-infocard-title-wrap\">\n\t\t\t\t<p class=\"hfe-infocard-title elementor-inline-editing\" data-elementor-setting-key=\"infocard_title\" data-elementor-inline-editing-toolbar=\"basic\" >Land Type On-Grid &amp; Off-Grid Solar System<\/p>\t\t\t<\/div>\n\t\t\t\t\t\t<div class=\"hfe-infocard-text-wrap\">\n\t\t\t\t<div class=\"hfe-infocard-text elementor-inline-editing\" data-elementor-setting-key=\"infocard_description\" data-elementor-inline-editing-toolbar=\"advanced\">\n\t\t\t\t\tWe provide high-performance solutions for ground-mounted installations tailored to your large-scale energy production goals. In grid-accessible areas, we develop On-Grid projects focused on self-consumption and commercial return, while in remote locations such as agricultural lands, farms, or mining sites, our battery-based Off-Grid systems ensure uninterrupted and independent energy supply. With our design approach focused on site-specific structures and maximum efficiency, we optimize your investment payback period.\t\t\t\t<\/div>\n\t\t\t\t\t\t\t<\/div>\n\t\t<\/div>\n\n\t\t\t\t\t\t<\/div>\n\t\t\t\t<\/div>\n\t\t\t\t<\/div>\n\t\t\t\t\t<\/div>\n\t\t\t\t<\/div>\n\t\t<div class=\"elementor-element elementor-element-7ec7c6b e-flex e-con-boxed e-con e-parent\" data-id=\"7ec7c6b\" data-element_type=\"container\" data-e-type=\"container\" data-settings=\"{&quot;background_background&quot;:&quot;classic&quot;}\">\n\t\t\t\t\t<div class=\"e-con-inner\">\n\t\t<div class=\"elementor-element elementor-element-d1ba4fb e-con-full e-flex e-con e-child\" data-id=\"d1ba4fb\" data-element_type=\"container\" data-e-type=\"container\">\n\t\t\t\t<div class=\"elementor-element elementor-element-b38e976 elementor-widget elementor-widget-hfe-infocard\" data-id=\"b38e976\" data-element_type=\"widget\" data-e-type=\"widget\" data-widget_type=\"hfe-infocard.default\">\n\t\t\t\t<div class=\"elementor-widget-container\">\n\t\t\t\t\t\n\t\t<div class=\"hfe-infocard\">\n\t\t\t\t\t\t\t\t\t<div class=\"hfe-infocard-title-wrap\">\n\t\t\t\t<p class=\"hfe-infocard-title elementor-inline-editing\" data-elementor-setting-key=\"infocard_title\" data-elementor-inline-editing-toolbar=\"basic\" >Electric Vehicle Charging Station<\/p>\t\t\t<\/div>\n\t\t\t\t\t\t<div class=\"hfe-infocard-text-wrap\">\n\t\t\t\t<div class=\"hfe-infocard-text elementor-inline-editing\" data-elementor-setting-key=\"infocard_description\" data-elementor-inline-editing-toolbar=\"advanced\">\n\t\t\t\t\tIn the electric mobility transition, we provide reliable and high-performance infrastructure solutions for your residential and commercial spaces. We develop EV charging station projects suitable for various use cases such as homes, residential complexes, shopping malls, and offices, fully compliant with international safety standards (IEC). Thanks to our smart power management technologies, we ensure a safe, fast, and user-friendly charging experience without overloading your existing electrical grid. By designing infrastructures integrated with remote monitoring and intelligent management systems, we create a sustainable charging ecosystem tailored to both individual and corporate needs.\t\t\t\t<\/div>\n\t\t\t\t\t\t\t<\/div>\n\t\t<\/div>\n\n\t\t\t\t\t\t<\/div>\n\t\t\t\t<\/div>\n\t\t\t\t<\/div>\n\t\t<div class=\"elementor-element elementor-element-9c33f81 e-con-full e-flex e-con e-child\" data-id=\"9c33f81\" data-element_type=\"container\" data-e-type=\"container\">\n\t\t\t\t<div class=\"elementor-element elementor-element-08c0a55 elementor-widget elementor-widget-image\" data-id=\"08c0a55\" data-element_type=\"widget\" data-e-type=\"widget\" data-widget_type=\"image.default\">\n\t\t\t\t<div class=\"elementor-widget-container\">\n\t\t\t\t\t\t\t\t\t\t\t\t\t\t\t<img decoding=\"async\" width=\"1024\" height=\"559\" src=\"https:\/\/formaksenergy.com\/wp-content\/uploads\/2026\/03\/WhatsApp-Image-2026-03-29-at-00.21.40-1024x559.jpeg\" class=\"attachment-large size-large wp-image-2205\" alt=\"Elektrikli Ara\u00e7 \u015earj \u0130stasyonu\" srcset=\"https:\/\/formaksenergy.com\/wp-content\/uploads\/2026\/03\/WhatsApp-Image-2026-03-29-at-00.21.40-1024x559.jpeg 1024w, https:\/\/formaksenergy.com\/wp-content\/uploads\/2026\/03\/WhatsApp-Image-2026-03-29-at-00.21.40-300x164.jpeg 300w, https:\/\/formaksenergy.com\/wp-content\/uploads\/2026\/03\/WhatsApp-Image-2026-03-29-at-00.21.40-768x419.jpeg 768w, https:\/\/formaksenergy.com\/wp-content\/uploads\/2026\/03\/WhatsApp-Image-2026-03-29-at-00.21.40.jpeg 1408w\" sizes=\"(max-width: 1024px) 100vw, 1024px\" title=\"Our Services\">\t\t\t\t\t\t\t\t\t\t\t\t\t\t\t<\/div>\n\t\t\t\t<\/div>\n\t\t\t\t<\/div>\n\t\t\t\t\t<\/div>\n\t\t\t\t<\/div>\n\t\t<div class=\"elementor-element elementor-element-a4082ec e-flex e-con-boxed e-con e-parent\" data-id=\"a4082ec\" data-element_type=\"container\" data-e-type=\"container\" data-settings=\"{&quot;background_background&quot;:&quot;classic&quot;}\">\n\t\t\t\t\t<div class=\"e-con-inner\">\n\t\t<div class=\"elementor-element elementor-element-bc851ed e-con-full e-flex e-con e-child\" data-id=\"bc851ed\" data-element_type=\"container\" data-e-type=\"container\">\n\t\t\t\t<div class=\"elementor-element elementor-element-811c653 elementor-widget elementor-widget-image\" data-id=\"811c653\" data-element_type=\"widget\" data-e-type=\"widget\" data-widget_type=\"image.default\">\n\t\t\t\t<div class=\"elementor-widget-container\">\n\t\t\t\t\t\t\t\t\t\t\t\t\t\t\t<img loading=\"lazy\" decoding=\"async\" width=\"1024\" height=\"559\" src=\"https:\/\/formaksenergy.com\/wp-content\/uploads\/2026\/03\/WhatsApp-Image-2026-03-29-at-00.27.45-1024x559.jpeg\" class=\"attachment-large size-large wp-image-2220\" alt=\"Carport (G\u00fcne\u015f Enerjili Otopark Sistemleri)\" srcset=\"https:\/\/formaksenergy.com\/wp-content\/uploads\/2026\/03\/WhatsApp-Image-2026-03-29-at-00.27.45-1024x559.jpeg 1024w, https:\/\/formaksenergy.com\/wp-content\/uploads\/2026\/03\/WhatsApp-Image-2026-03-29-at-00.27.45-300x164.jpeg 300w, https:\/\/formaksenergy.com\/wp-content\/uploads\/2026\/03\/WhatsApp-Image-2026-03-29-at-00.27.45-768x419.jpeg 768w, https:\/\/formaksenergy.com\/wp-content\/uploads\/2026\/03\/WhatsApp-Image-2026-03-29-at-00.27.45.jpeg 1408w\" sizes=\"(max-width: 1024px) 100vw, 1024px\" title=\"Our Services\">\t\t\t\t\t\t\t\t\t\t\t\t\t\t\t<\/div>\n\t\t\t\t<\/div>\n\t\t\t\t<\/div>\n\t\t<div class=\"elementor-element elementor-element-63c448a e-con-full e-flex e-con e-child\" data-id=\"63c448a\" data-element_type=\"container\" data-e-type=\"container\">\n\t\t\t\t<div class=\"elementor-element elementor-element-246b4c7 elementor-widget elementor-widget-hfe-infocard\" data-id=\"246b4c7\" data-element_type=\"widget\" data-e-type=\"widget\" data-widget_type=\"hfe-infocard.default\">\n\t\t\t\t<div class=\"elementor-widget-container\">\n\t\t\t\t\t\n\t\t<div class=\"hfe-infocard\">\n\t\t\t\t\t\t\t\t\t<div class=\"hfe-infocard-title-wrap\">\n\t\t\t\t<p class=\"hfe-infocard-title elementor-inline-editing\" data-elementor-setting-key=\"infocard_title\" data-elementor-inline-editing-toolbar=\"basic\" >Carport (Solar Carport Systems)<\/p>\t\t\t<\/div>\n\t\t\t\t\t\t<div class=\"hfe-infocard-text-wrap\">\n\t\t\t\t<div class=\"hfe-infocard-text elementor-inline-editing\" data-elementor-setting-key=\"infocard_description\" data-elementor-inline-editing-toolbar=\"advanced\">\n\t\t\t\t\tOur Carport solutions, which combine aesthetic design with advanced engineering technology, transform your parking areas into smart power plants. While protecting your vehicles from external factors such as sun, hail, and snow, we directly transfer the energy generated on the roof to your electric vehicle charging stations. With this integrated system, you can charge your vehicle entirely with the limitless power of the sun\u2014independently from the grid and at zero energy cost\u2014achieving complete energy freedom in transportation.\t\t\t\t<\/div>\n\t\t\t\t\t\t\t<\/div>\n\t\t<\/div>\n\n\t\t\t\t\t\t<\/div>\n\t\t\t\t<\/div>\n\t\t\t\t<\/div>\n\t\t\t\t\t<\/div>\n\t\t\t\t<\/div>\n\t\t<div class=\"elementor-element elementor-element-c1134df e-flex e-con-boxed e-con e-parent\" data-id=\"c1134df\" data-element_type=\"container\" data-e-type=\"container\" data-settings=\"{&quot;background_background&quot;:&quot;classic&quot;}\">\n\t\t\t\t\t<div class=\"e-con-inner\">\n\t\t<div class=\"elementor-element elementor-element-223b57d e-con-full e-flex e-con e-child\" data-id=\"223b57d\" data-element_type=\"container\" data-e-type=\"container\">\n\t\t\t\t<div class=\"elementor-element elementor-element-e7e942f elementor-widget elementor-widget-hfe-infocard\" data-id=\"e7e942f\" data-element_type=\"widget\" data-e-type=\"widget\" data-widget_type=\"hfe-infocard.default\">\n\t\t\t\t<div class=\"elementor-widget-container\">\n\t\t\t\t\t\n\t\t<div class=\"hfe-infocard\">\n\t\t\t\t\t\t\t\t\t<div class=\"hfe-infocard-title-wrap\">\n\t\t\t\t<p class=\"hfe-infocard-title elementor-inline-editing\" data-elementor-setting-key=\"infocard_title\" data-elementor-inline-editing-toolbar=\"basic\" >AG Electrical Project<\/p>\t\t\t<\/div>\n\t\t\t\t\t\t<div class=\"hfe-infocard-text-wrap\">\n\t\t\t\t<div class=\"hfe-infocard-text elementor-inline-editing\" data-elementor-setting-key=\"infocard_description\" data-elementor-inline-editing-toolbar=\"advanced\">\n\t\t\t\t\tAs Formaks Energy, we provide fully regulation-compliant Low Voltage (LV) design services for residential buildings, residential complexes, and hotels. We carry out our design processes using Revit (BIM) technology, ensuring seamless interdisciplinary coordination and high implementation accuracy. We prepare your permit and construction projects end-to-end, covering lighting, power, grounding, and weak current systems. With complete technical documentation, including bill of quantities and cost estimation files that form the basis of on-site execution, we build a fully reliable technical infrastructure for your projects.\t\t\t\t<\/div>\n\t\t\t\t\t\t\t<\/div>\n\t\t<\/div>\n\n\t\t\t\t\t\t<\/div>\n\t\t\t\t<\/div>\n\t\t\t\t<\/div>\n\t\t<div class=\"elementor-element elementor-element-6d6da9a e-con-full e-flex e-con e-child\" data-id=\"6d6da9a\" data-element_type=\"container\" data-e-type=\"container\">\n\t\t\t\t<div class=\"elementor-element elementor-element-33859e3 elementor-widget elementor-widget-image\" data-id=\"33859e3\" data-element_type=\"widget\" data-e-type=\"widget\" data-widget_type=\"image.default\">\n\t\t\t\t<div class=\"elementor-widget-container\">\n\t\t\t\t\t\t\t\t\t\t\t\t\t\t\t<img loading=\"lazy\" decoding=\"async\" width=\"1024\" height=\"559\" src=\"https:\/\/formaksenergy.com\/wp-content\/uploads\/2026\/03\/WhatsApp-Image-2026-03-29-at-00.42.25-1024x559.jpeg\" class=\"attachment-large size-large wp-image-2219\" alt=\"AG Elektrik Proje\" srcset=\"https:\/\/formaksenergy.com\/wp-content\/uploads\/2026\/03\/WhatsApp-Image-2026-03-29-at-00.42.25-1024x559.jpeg 1024w, https:\/\/formaksenergy.com\/wp-content\/uploads\/2026\/03\/WhatsApp-Image-2026-03-29-at-00.42.25-300x164.jpeg 300w, https:\/\/formaksenergy.com\/wp-content\/uploads\/2026\/03\/WhatsApp-Image-2026-03-29-at-00.42.25-768x419.jpeg 768w, https:\/\/formaksenergy.com\/wp-content\/uploads\/2026\/03\/WhatsApp-Image-2026-03-29-at-00.42.25.jpeg 1408w\" sizes=\"(max-width: 1024px) 100vw, 1024px\" title=\"Our Services\">\t\t\t\t\t\t\t\t\t\t\t\t\t\t\t<\/div>\n\t\t\t\t<\/div>\n\t\t\t\t<\/div>\n\t\t\t\t\t<\/div>\n\t\t\t\t<\/div>\n\t\t<div class=\"elementor-element elementor-element-415ed98 e-flex e-con-boxed e-con e-parent\" data-id=\"415ed98\" data-element_type=\"container\" data-e-type=\"container\" data-settings=\"{&quot;background_background&quot;:&quot;classic&quot;}\">\n\t\t\t\t\t<div class=\"e-con-inner\">\n\t\t<div class=\"elementor-element elementor-element-7dab4d6 e-con-full e-flex e-con e-child\" data-id=\"7dab4d6\" data-element_type=\"container\" data-e-type=\"container\">\n\t\t\t\t<div class=\"elementor-element elementor-element-c720fce elementor-widget elementor-widget-image\" data-id=\"c720fce\" data-element_type=\"widget\" data-e-type=\"widget\" data-widget_type=\"image.default\">\n\t\t\t\t<div class=\"elementor-widget-container\">\n\t\t\t\t\t\t\t\t\t\t\t\t\t\t\t<img loading=\"lazy\" decoding=\"async\" width=\"1024\" height=\"559\" src=\"https:\/\/formaksenergy.com\/wp-content\/uploads\/2026\/03\/solar_resized_1408x768-1024x559.jpg\" class=\"attachment-large size-large wp-image-2284\" alt=\"solar resized 1408x768\" srcset=\"https:\/\/formaksenergy.com\/wp-content\/uploads\/2026\/03\/solar_resized_1408x768-1024x559.jpg 1024w, https:\/\/formaksenergy.com\/wp-content\/uploads\/2026\/03\/solar_resized_1408x768-300x164.jpg 300w, https:\/\/formaksenergy.com\/wp-content\/uploads\/2026\/03\/solar_resized_1408x768-768x419.jpg 768w, https:\/\/formaksenergy.com\/wp-content\/uploads\/2026\/03\/solar_resized_1408x768.jpg 1408w\" sizes=\"(max-width: 1024px) 100vw, 1024px\" title=\"Our Services\">\t\t\t\t\t\t\t\t\t\t\t\t\t\t\t<\/div>\n\t\t\t\t<\/div>\n\t\t\t\t<\/div>\n\t\t<div class=\"elementor-element elementor-element-06a3f58 e-con-full e-flex e-con e-child\" data-id=\"06a3f58\" data-element_type=\"container\" data-e-type=\"container\">\n\t\t\t\t<div class=\"elementor-element elementor-element-85384b9 elementor-widget elementor-widget-hfe-infocard\" data-id=\"85384b9\" data-element_type=\"widget\" data-e-type=\"widget\" data-widget_type=\"hfe-infocard.default\">\n\t\t\t\t<div class=\"elementor-widget-container\">\n\t\t\t\t\t\n\t\t<div class=\"hfe-infocard\">\n\t\t\t\t\t\t\t\t\t<div class=\"hfe-infocard-title-wrap\">\n\t\t\t\t<p class=\"hfe-infocard-title elementor-inline-editing\" data-elementor-setting-key=\"infocard_title\" data-elementor-inline-editing-toolbar=\"basic\" >Energy Storage Systems<\/p>\t\t\t<\/div>\n\t\t\t\t\t\t<div class=\"hfe-infocard-text-wrap\">\n\t\t\t\t<div class=\"hfe-infocard-text elementor-inline-editing\" data-elementor-setting-key=\"infocard_description\" data-elementor-inline-editing-toolbar=\"advanced\">\n\t\t\t\t\tWe provide uninterrupted energy usage at all hours of the day by storing the energy generated from solar power. In grid-connected (On-Grid) systems, we store excess solar energy in batteries, ensuring backup during power outages and providing cost advantages during high-tariff periods. In off-grid projects in areas without grid access, we install systems that fully meet your energy needs through storage capacity, completely eliminating dependency on the grid. By integrating these systems with our smart management algorithms, we make uninterrupted energy comfort in homes and a zero-cost energy vision a standard.\t\t\t\t<\/div>\n\t\t\t\t\t\t\t<\/div>\n\t\t<\/div>\n\n\t\t\t\t\t\t<\/div>\n\t\t\t\t<\/div>\n\t\t\t\t<\/div>\n\t\t\t\t\t<\/div>\n\t\t\t\t<\/div>\n\t\t\t\t<\/div>","protected":false},"excerpt":{"rendered":"<p>\u00c7at\u0131 Tipi On-Grid Solar Sistem \u00c7at\u0131 alanlar\u0131n\u0131z\u0131 pasif birer yap\u0131 unsuru olmaktan \u00e7\u0131kar\u0131p, i\u015fletmeniz veya konutunuz i\u00e7in y\u00fcksek verimli birer enerji santraline d\u00f6n\u00fc\u015ft\u00fcr\u00fcyoruz. \u015eebeke ba\u011flant\u0131l\u0131 (On-Grid) sistemlerimizle, g\u00fcnd\u00fcz \u00fcretti\u011finiz elektri\u011fi anl\u0131k olarak kullan\u0131rken, ihtiya\u00e7 fazlas\u0131n\u0131 \u015febekeye satarak mahsupla\u015fma avantaj\u0131ndan yararlanman\u0131z\u0131 sa\u011fl\u0131yoruz. M\u00fchendislik ekibimizle; statik analizden panel yerle\u015fimine, inverter se\u00e7iminden devreye almaya kadar t\u00fcm s\u00fcreci anahtar [&hellip;]<\/p>\n","protected":false},"author":1,"featured_media":0,"parent":0,"menu_order":0,"comment_status":"closed","ping_status":"closed","template":"","meta":{"_eb_attr":"","_surecart_dashboard_logo_width":"180px","_surecart_dashboard_show_logo":true,"_surecart_dashboard_navigation_orders":true,"_surecart_dashboard_navigation_invoices":true,"_surecart_dashboard_navigation_subscriptions":true,"_surecart_dashboard_navigation_downloads":true,"_surecart_dashboard_navigation_billing":true,"_surecart_dashboard_navigation_account":true,"site-sidebar-layout":"no-sidebar","site-content-layout":"page-builder","ast-site-content-layout":"full-width-container","site-content-style":"unboxed","site-sidebar-style":"unboxed","ast-global-header-display":"","ast-banner-title-visibility":"","ast-main-header-display":"","ast-hfb-above-header-display":"","ast-hfb-below-header-display":"","ast-hfb-mobile-header-display":"","site-post-title":"disabled","ast-breadcrumbs-content":"","ast-featured-img":"disabled","footer-sml-layout":"","ast-disable-related-posts":"","theme-transparent-header-meta":"enabled","adv-header-id-meta":"","stick-header-meta":"","header-above-stick-meta":"","header-main-stick-meta":"","header-below-stick-meta":"","astra-migrate-meta-layouts":"set","ast-page-background-enabled":"default","ast-page-background-meta":{"desktop":{"background-color":"","background-image":"","background-repeat":"repeat","background-position":"center center","background-size":"auto","background-attachment":"scroll","background-type":"","background-media":"","overlay-type":"","overlay-color":"","overlay-opacity":"","overlay-gradient":""},"tablet":{"background-color":"","background-image":"","background-repeat":"repeat","background-position":"center center","background-size":"auto","background-attachment":"scroll","background-type":"","background-media":"","overlay-type":"","overlay-color":"","overlay-opacity":"","overlay-gradient":""},"mobile":{"background-color":"","background-image":"","background-repeat":"repeat","background-position":"center center","background-size":"auto","background-attachment":"scroll","background-type":"","background-media":"","overlay-type":"","overlay-color":"","overlay-opacity":"","overlay-gradient":""}},"ast-content-background-meta":{"desktop":{"background-color":"var(--ast-global-color-5)","background-image":"","background-repeat":"repeat","background-position":"center center","background-size":"auto","background-attachment":"scroll","background-type":"","background-media":"","overlay-type":"","overlay-color":"","overlay-opacity":"","overlay-gradient":""},"tablet":{"background-color":"var(--ast-global-color-5)","background-image":"","background-repeat":"repeat","background-position":"center center","background-size":"auto","background-attachment":"scroll","background-type":"","background-media":"","overlay-type":"","overlay-color":"","overlay-opacity":"","overlay-gradient":""},"mobile":{"background-color":"var(--ast-global-color-5)","background-image":"","background-repeat":"repeat","background-position":"center center","background-size":"auto","background-attachment":"scroll","background-type":"","background-media":"","overlay-type":"","overlay-color":"","overlay-opacity":"","overlay-gradient":""}},"footnotes":""},"class_list":["post-32","page","type-page","status-publish","hentry"],"_hostinger_reach_plugin_has_subscription_block":false,"_hostinger_reach_plugin_is_elementor":false,"_links":{"self":[{"href":"https:\/\/formaksenergy.com\/en\/wp-json\/wp\/v2\/pages\/32","targetHints":{"allow":["GET"]}}],"collection":[{"href":"https:\/\/formaksenergy.com\/en\/wp-json\/wp\/v2\/pages"}],"about":[{"href":"https:\/\/formaksenergy.com\/en\/wp-json\/wp\/v2\/types\/page"}],"author":[{"embeddable":true,"href":"https:\/\/formaksenergy.com\/en\/wp-json\/wp\/v2\/users\/1"}],"replies":[{"embeddable":true,"href":"https:\/\/formaksenergy.com\/en\/wp-json\/wp\/v2\/comments?post=32"}],"version-history":[{"count":83,"href":"https:\/\/formaksenergy.com\/en\/wp-json\/wp\/v2\/pages\/32\/revisions"}],"predecessor-version":[{"id":3259,"href":"https:\/\/formaksenergy.com\/en\/wp-json\/wp\/v2\/pages\/32\/revisions\/3259"}],"wp:attachment":[{"href":"https:\/\/formaksenergy.com\/en\/wp-json\/wp\/v2\/media?parent=32"}],"curies":[{"name":"wp","href":"https:\/\/api.w.org\/{rel}","templated":true}]}}